{"id":2417,"date":"2024-08-02T09:51:30","date_gmt":"2024-08-02T07:51:30","guid":{"rendered":"https:\/\/vanderlindefietsen.nl\/?page_id=2417"},"modified":"2024-08-09T12:55:37","modified_gmt":"2024-08-09T10:55:37","slug":"schlusseldienst","status":"publish","type":"page","link":"https:\/\/vanderlindefietsen.nl\/de\/schlusseldienst\/","title":{"rendered":"Schl\u00fcsselservice"},"content":{"rendered":"\t\t<div data-elementor-type=\"wp-page\" data-elementor-id=\"2417\" class=\"elementor elementor-2417\" data-elementor-post-type=\"page\">\n\t\t\t\t<div class=\"elementor-element elementor-element-4dd395a e-flex e-con-boxed e-con e-parent\" data-id=\"4dd395a\" data-element_type=\"container\" data-e-type=\"container\" data-settings=\"{&quot;background_background&quot;:&quot;classic&quot;,&quot;jet_parallax_layout_list&quot;:[],&quot;background_motion_fx_motion_fx_scrolling&quot;:&quot;yes&quot;,&quot;background_motion_fx_scale_effect&quot;:&quot;yes&quot;,&quot;background_motion_fx_scale_speed&quot;:{&quot;unit&quot;:&quot;px&quot;,&quot;size&quot;:2,&quot;sizes&quot;:[]},&quot;background_motion_fx_scale_range&quot;:{&quot;unit&quot;:&quot;%&quot;,&quot;size&quot;:&quot;&quot;,&quot;sizes&quot;:{&quot;start&quot;:48,&quot;end&quot;:100}},&quot;background_motion_fx_devices&quot;:[&quot;desktop&quot;],&quot;background_motion_fx_scale_direction&quot;:&quot;out-in&quot;}\">\n\t\t\t\t\t<div class=\"e-con-inner\">\n\t\t<div class=\"elementor-element elementor-element-81ae766 e-flex e-con-boxed e-con e-child\" data-id=\"81ae766\" data-element_type=\"container\" data-e-type=\"container\" data-settings=\"{&quot;jet_parallax_layout_list&quot;:[]}\">\n\t\t\t\t\t<div class=\"e-con-inner\">\n\t\t\t\t<div class=\"elementor-element elementor-element-63887d1 elementor-align-left elementor-absolute elementor-widget elementor-widget-breadcrumbs\" data-id=\"63887d1\" data-element_type=\"widget\" data-e-type=\"widget\" data-settings=\"{&quot;_position&quot;:&quot;absolute&quot;}\" data-widget_type=\"breadcrumbs.default\">\n\t\t\t\t<div class=\"elementor-widget-container\">\n\t\t\t\t\t<p id=\"breadcrumbs\"><span><span><a href=\"https:\/\/vanderlindefietsen.nl\/\">Home<\/a><\/span><\/span><\/p>\t\t\t\t<\/div>\n\t\t\t\t<\/div>\n\t\t\t\t<div class=\"elementor-element elementor-element-ec35114 elementor-widget elementor-widget-heading\" data-id=\"ec35114\" data-element_type=\"widget\" data-e-type=\"widget\" data-widget_type=\"heading.default\">\n\t\t\t\t<div class=\"elementor-widget-container\">\n\t\t\t\t\t<h2 class=\"elementor-heading-title elementor-size-default\">Sleutelservice<\/h2>\t\t\t\t<\/div>\n\t\t\t\t<\/div>\n\t\t\t\t\t<\/div>\n\t\t\t\t<\/div>\n\t\t\t\t\t<\/div>\n\t\t\t\t<\/div>\n\t\t<div class=\"elementor-element elementor-element-8b67c98 e-flex e-con-boxed e-con e-parent\" data-id=\"8b67c98\" data-element_type=\"container\" data-e-type=\"container\" data-settings=\"{&quot;jet_parallax_layout_list&quot;:[]}\">\n\t\t\t\t\t<div class=\"e-con-inner\">\n\t\t<div class=\"elementor-element elementor-element-08e3e2a e-con-full e-flex e-con e-child\" data-id=\"08e3e2a\" data-element_type=\"container\" data-e-type=\"container\" data-settings=\"{&quot;jet_parallax_layout_list&quot;:[]}\">\n\t\t\t\t<div class=\"elementor-element elementor-element-b8a8160 elementor-widget elementor-widget-heading\" data-id=\"b8a8160\" data-element_type=\"widget\" data-e-type=\"widget\" data-widget_type=\"heading.default\">\n\t\t\t\t<div class=\"elementor-widget-container\">\n\t\t\t\t\t<h2 class=\"elementor-heading-title elementor-size-default\">Sleutelservice van Jutkey<\/h2>\t\t\t\t<\/div>\n\t\t\t\t<\/div>\n\t\t\t\t<div class=\"elementor-element elementor-element-faaa7aa elementor-widget elementor-widget-text-editor\" data-id=\"faaa7aa\" data-element_type=\"widget\" data-e-type=\"widget\" data-widget_type=\"text-editor.default\">\n\t\t\t\t<div class=\"elementor-widget-container\">\n\t\t\t\t\t\t\t\t\t<p><strong>Jutkey is onze partner voor sleutelservice, die gespecialiseerd is in het veilig en snel dupliceren van sleutels.<\/strong><\/p>\t\t\t\t\t\t\t\t<\/div>\n\t\t\t\t<\/div>\n\t\t\t\t<div class=\"elementor-element elementor-element-46d815b elementor-widget elementor-widget-text-editor\" data-id=\"46d815b\" data-element_type=\"widget\" data-e-type=\"widget\" data-widget_type=\"text-editor.default\">\n\t\t\t\t<div class=\"elementor-widget-container\">\n\t\t\t\t\t\t\t\t\t<p>Met hun gebruiksvriendelijke platform en snelle service kun je jouw sleutels eenvoudig laten kopi\u00ebren.&nbsp;<\/p>\n<p>Heb jij een sleutel nodig voor noodgevallen? Of gewoon een extra set voor het geval je ze kwijtraakt? Dan bestel je veilig en snel je nieuwe sleutel bij Jutkey. Met een breed aanbod aan sleutelservice opties, waaronder huis-, fiets- en autosleutels, bieden ze een oplossing voor al je sleutelbehoeften.<\/p>\n<p>Meer weten over de mogelijkheden? Neem dan <a href=\"https:\/\/vanderlindefietsen.nl\/contact\/\">contact<\/a> met ons op!<\/p>\t\t\t\t\t\t\t\t<\/div>\n\t\t\t\t<\/div>\n\t\t\t\t<div class=\"elementor-element elementor-element-24bec7e elementor-mobile-align-justify elementor-widget-mobile__width-inherit elementor-widget elementor-widget-button\" data-id=\"24bec7e\" data-element_type=\"widget\" data-e-type=\"widget\" data-widget_type=\"button.default\">\n\t\t\t\t<div class=\"elementor-widget-container\">\n\t\t\t\t\t\t\t\t\t<div class=\"elementor-button-wrapper\">\n\t\t\t\t\t<a class=\"elementor-button elementor-button-link elementor-size-sm\" href=\"https:\/\/www.jutkey.nl\/collections\/fietssleutels-bike-keys\" target=\"_blank\">\n\t\t\t\t\t\t<span class=\"elementor-button-content-wrapper\">\n\t\t\t\t\t\t\t\t\t<span class=\"elementor-button-text\">Bestel fietssleutel via Jutkey<\/span>\n\t\t\t\t\t<\/span>\n\t\t\t\t\t<\/a>\n\t\t\t\t<\/div>\n\t\t\t\t\t\t\t\t<\/div>\n\t\t\t\t<\/div>\n\t\t\t\t<\/div>\n\t\t\t\t\t<\/div>\n\t\t\t\t<\/div>\n\t\t\t\t<\/div>\n\t\t","protected":false},"excerpt":{"rendered":"<p>Sleutelservice van Jutkey Jutkey is onze partner voor sleutelservice, die gespecialiseerd is in het veilig en snel dupliceren van sleutels. Met hun gebruiksvriendelijke platform en snelle service kun je jouw sleutels eenvoudig laten kopi\u00ebren.&nbsp; Heb jij een sleutel nodig voor noodgevallen? Of gewoon een extra set voor het geval je ze kwijtraakt? Dan bestel je [&hellip;]<\/p>\n","protected":false},"author":2,"featured_media":2706,"parent":0,"menu_order":7,"comment_status":"closed","ping_status":"closed","template":"","meta":{"footnotes":""},"class_list":["post-2417","page","type-page","status-publish","has-post-thumbnail","hentry"],"yoast_head":"<!-- This site is optimized with the Yoast SEO plugin v27.3 - https:\/\/yoast.com\/product\/yoast-seo-wordpress\/ -->\n<title>Sleutelservice - Van der Linde Fietsen Texel<\/title>\n<meta name=\"description\" content=\"Maak gebruik van onze sleutelservice met Jutkey! Veilig en snel dupliceren doe je natuurlijk via hun gebruiksvriendelijke platform.\" \/>\n<meta name=\"robots\" content=\"index, follow, max-snippet:-1, max-image-preview:large, max-video-preview:-1\" \/>\n<link rel=\"canonical\" href=\"https:\/\/vanderlindefietsen.nl\/de\/schlusseldienst\/\" \/>\n<meta property=\"og:locale\" content=\"de_DE\" \/>\n<meta property=\"og:type\" content=\"article\" \/>\n<meta property=\"og:title\" content=\"Sleutelservice - Van der Linde Fietsen Texel\" \/>\n<meta property=\"og:description\" content=\"Maak gebruik van onze sleutelservice met Jutkey! Veilig en snel dupliceren doe je natuurlijk via hun gebruiksvriendelijke platform.\" \/>\n<meta property=\"og:url\" content=\"https:\/\/vanderlindefietsen.nl\/de\/schlusseldienst\/\" \/>\n<meta property=\"og:site_name\" content=\"Van der Linde Fietsen Texel\" \/>\n<meta property=\"article:publisher\" content=\"https:\/\/www.facebook.com\/fietsoptexel\/\" \/>\n<meta property=\"article:modified_time\" content=\"2024-08-09T10:55:37+00:00\" \/>\n<meta property=\"og:image\" content=\"https:\/\/vanderlindefietsen.nl\/wp-content\/uploads\/3840-2160-max-scaled.webp\" \/>\n\t<meta property=\"og:image:width\" content=\"2560\" \/>\n\t<meta property=\"og:image:height\" content=\"1440\" \/>\n\t<meta property=\"og:image:type\" content=\"image\/jpeg\" \/>\n<meta name=\"twitter:card\" content=\"summary_large_image\" \/>\n<meta name=\"twitter:label1\" content=\"Gesch\u00e4tzte Lesezeit\" \/>\n\t<meta name=\"twitter:data1\" content=\"1\u00a0Minute\" \/>\n<script type=\"application\/ld+json\" class=\"yoast-schema-graph\">{\"@context\":\"https:\\\/\\\/schema.org\",\"@graph\":[{\"@type\":\"WebPage\",\"@id\":\"https:\\\/\\\/vanderlindefietsen.nl\\\/sleutelservice\\\/\",\"url\":\"https:\\\/\\\/vanderlindefietsen.nl\\\/sleutelservice\\\/\",\"name\":\"Sleutelservice - Van der Linde Fietsen Texel\",\"isPartOf\":{\"@id\":\"https:\\\/\\\/vanderlindefietsen.nl\\\/#website\"},\"primaryImageOfPage\":{\"@id\":\"https:\\\/\\\/vanderlindefietsen.nl\\\/sleutelservice\\\/#primaryimage\"},\"image\":{\"@id\":\"https:\\\/\\\/vanderlindefietsen.nl\\\/sleutelservice\\\/#primaryimage\"},\"thumbnailUrl\":\"https:\\\/\\\/vanderlindefietsen.nl\\\/wp-content\\\/uploads\\\/3840-2160-max-scaled.webp\",\"datePublished\":\"2024-08-02T07:51:30+00:00\",\"dateModified\":\"2024-08-09T10:55:37+00:00\",\"description\":\"Maak gebruik van onze sleutelservice met Jutkey! Veilig en snel dupliceren doe je natuurlijk via hun gebruiksvriendelijke platform.\",\"breadcrumb\":{\"@id\":\"https:\\\/\\\/vanderlindefietsen.nl\\\/sleutelservice\\\/#breadcrumb\"},\"inLanguage\":\"de\",\"potentialAction\":[{\"@type\":\"ReadAction\",\"target\":[\"https:\\\/\\\/vanderlindefietsen.nl\\\/sleutelservice\\\/\"]}]},{\"@type\":\"ImageObject\",\"inLanguage\":\"de\",\"@id\":\"https:\\\/\\\/vanderlindefietsen.nl\\\/sleutelservice\\\/#primaryimage\",\"url\":\"https:\\\/\\\/vanderlindefietsen.nl\\\/wp-content\\\/uploads\\\/3840-2160-max-scaled.webp\",\"contentUrl\":\"https:\\\/\\\/vanderlindefietsen.nl\\\/wp-content\\\/uploads\\\/3840-2160-max-scaled.webp\",\"width\":2560,\"height\":1440,\"caption\":\"Sleutelservice\"},{\"@type\":\"BreadcrumbList\",\"@id\":\"https:\\\/\\\/vanderlindefietsen.nl\\\/sleutelservice\\\/#breadcrumb\",\"itemListElement\":[{\"@type\":\"ListItem\",\"position\":1,\"name\":\"Home\",\"item\":\"https:\\\/\\\/vanderlindefietsen.nl\\\/\"},{\"@type\":\"ListItem\",\"position\":2,\"name\":\"Sleutelservice\"}]},{\"@type\":\"WebSite\",\"@id\":\"https:\\\/\\\/vanderlindefietsen.nl\\\/#website\",\"url\":\"https:\\\/\\\/vanderlindefietsen.nl\\\/\",\"name\":\"Fietsen op Texel\",\"description\":\"Fietsverhuur locaties De Koog, De Cocksdorp en Den Burg\",\"publisher\":{\"@id\":\"https:\\\/\\\/vanderlindefietsen.nl\\\/#organization\"},\"potentialAction\":[{\"@type\":\"SearchAction\",\"target\":{\"@type\":\"EntryPoint\",\"urlTemplate\":\"https:\\\/\\\/vanderlindefietsen.nl\\\/?s={search_term_string}\"},\"query-input\":{\"@type\":\"PropertyValueSpecification\",\"valueRequired\":true,\"valueName\":\"search_term_string\"}}],\"inLanguage\":\"de\"},{\"@type\":\"Organization\",\"@id\":\"https:\\\/\\\/vanderlindefietsen.nl\\\/#organization\",\"name\":\"Fietsen op Texel\",\"url\":\"https:\\\/\\\/vanderlindefietsen.nl\\\/\",\"logo\":{\"@type\":\"ImageObject\",\"inLanguage\":\"de\",\"@id\":\"https:\\\/\\\/vanderlindefietsen.nl\\\/#\\\/schema\\\/logo\\\/image\\\/\",\"url\":\"https:\\\/\\\/vanderlindefietsen.nl\\\/wp-content\\\/uploads\\\/logo-fietsenoptexel.png\",\"contentUrl\":\"https:\\\/\\\/vanderlindefietsen.nl\\\/wp-content\\\/uploads\\\/logo-fietsenoptexel.png\",\"width\":3475,\"height\":769,\"caption\":\"Fietsen op Texel\"},\"image\":{\"@id\":\"https:\\\/\\\/vanderlindefietsen.nl\\\/#\\\/schema\\\/logo\\\/image\\\/\"},\"sameAs\":[\"https:\\\/\\\/www.facebook.com\\\/fietsoptexel\\\/\",\"https:\\\/\\\/www.instagram.com\\\/fietsenoptexel\\\/\"]}]}<\/script>\n<!-- \/ Yoast SEO plugin. -->","yoast_head_json":{"title":"Schl\u00fcsselservice \u2013 Van der Linde Fietsen Texel","description":"Nutzen Sie unseren Schl\u00fcsselservice mit Jutkey! Selbstverst\u00e4ndlich k\u00f6nnen Sie \u00fcber die benutzerfreundliche Plattform sicher und schnell duplizieren.","robots":{"index":"index","follow":"follow","max-snippet":"max-snippet:-1","max-image-preview":"max-image-preview:large","max-video-preview":"max-video-preview:-1"},"canonical":"https:\/\/vanderlindefietsen.nl\/de\/schlusseldienst\/","og_locale":"de_DE","og_type":"article","og_title":"Sleutelservice - Van der Linde Fietsen Texel","og_description":"Maak gebruik van onze sleutelservice met Jutkey! Veilig en snel dupliceren doe je natuurlijk via hun gebruiksvriendelijke platform.","og_url":"https:\/\/vanderlindefietsen.nl\/de\/schlusseldienst\/","og_site_name":"Van der Linde Fietsen Texel","article_publisher":"https:\/\/www.facebook.com\/fietsoptexel\/","article_modified_time":"2024-08-09T10:55:37+00:00","og_image":[{"width":2560,"height":1440,"url":"https:\/\/vanderlindefietsen.nl\/wp-content\/uploads\/3840-2160-max-scaled.webp","type":"image\/jpeg"}],"twitter_card":"summary_large_image","twitter_misc":{"Gesch\u00e4tzte Lesezeit":"1\u00a0Minute"},"schema":{"@context":"https:\/\/schema.org","@graph":[{"@type":"WebPage","@id":"https:\/\/vanderlindefietsen.nl\/sleutelservice\/","url":"https:\/\/vanderlindefietsen.nl\/sleutelservice\/","name":"Schl\u00fcsselservice \u2013 Van der Linde Fietsen Texel","isPartOf":{"@id":"https:\/\/vanderlindefietsen.nl\/#website"},"primaryImageOfPage":{"@id":"https:\/\/vanderlindefietsen.nl\/sleutelservice\/#primaryimage"},"image":{"@id":"https:\/\/vanderlindefietsen.nl\/sleutelservice\/#primaryimage"},"thumbnailUrl":"https:\/\/vanderlindefietsen.nl\/wp-content\/uploads\/3840-2160-max-scaled.webp","datePublished":"2024-08-02T07:51:30+00:00","dateModified":"2024-08-09T10:55:37+00:00","description":"Nutzen Sie unseren Schl\u00fcsselservice mit Jutkey! Selbstverst\u00e4ndlich k\u00f6nnen Sie \u00fcber die benutzerfreundliche Plattform sicher und schnell duplizieren.","breadcrumb":{"@id":"https:\/\/vanderlindefietsen.nl\/sleutelservice\/#breadcrumb"},"inLanguage":"de","potentialAction":[{"@type":"ReadAction","target":["https:\/\/vanderlindefietsen.nl\/sleutelservice\/"]}]},{"@type":"ImageObject","inLanguage":"de","@id":"https:\/\/vanderlindefietsen.nl\/sleutelservice\/#primaryimage","url":"https:\/\/vanderlindefietsen.nl\/wp-content\/uploads\/3840-2160-max-scaled.webp","contentUrl":"https:\/\/vanderlindefietsen.nl\/wp-content\/uploads\/3840-2160-max-scaled.webp","width":2560,"height":1440,"caption":"Sleutelservice"},{"@type":"BreadcrumbList","@id":"https:\/\/vanderlindefietsen.nl\/sleutelservice\/#breadcrumb","itemListElement":[{"@type":"ListItem","position":1,"name":"Home","item":"https:\/\/vanderlindefietsen.nl\/"},{"@type":"ListItem","position":2,"name":"Sleutelservice"}]},{"@type":"WebSite","@id":"https:\/\/vanderlindefietsen.nl\/#website","url":"https:\/\/vanderlindefietsen.nl\/","name":"Radfahren auf Texel","description":"Fahrradverleihstandorte De Koog, De Cocksdorp und Den Burg","publisher":{"@id":"https:\/\/vanderlindefietsen.nl\/#organization"},"potentialAction":[{"@type":"SearchAction","target":{"@type":"EntryPoint","urlTemplate":"https:\/\/vanderlindefietsen.nl\/?s={search_term_string}"},"query-input":{"@type":"PropertyValueSpecification","valueRequired":true,"valueName":"search_term_string"}}],"inLanguage":"de"},{"@type":"Organization","@id":"https:\/\/vanderlindefietsen.nl\/#organization","name":"Radfahren auf Texel","url":"https:\/\/vanderlindefietsen.nl\/","logo":{"@type":"ImageObject","inLanguage":"de","@id":"https:\/\/vanderlindefietsen.nl\/#\/schema\/logo\/image\/","url":"https:\/\/vanderlindefietsen.nl\/wp-content\/uploads\/logo-fietsenoptexel.png","contentUrl":"https:\/\/vanderlindefietsen.nl\/wp-content\/uploads\/logo-fietsenoptexel.png","width":3475,"height":769,"caption":"Fietsen op Texel"},"image":{"@id":"https:\/\/vanderlindefietsen.nl\/#\/schema\/logo\/image\/"},"sameAs":["https:\/\/www.facebook.com\/fietsoptexel\/","https:\/\/www.instagram.com\/fietsenoptexel\/"]}]}},"_links":{"self":[{"href":"https:\/\/vanderlindefietsen.nl\/de\/wp-json\/wp\/v2\/pages\/2417","targetHints":{"allow":["GET"]}}],"collection":[{"href":"https:\/\/vanderlindefietsen.nl\/de\/wp-json\/wp\/v2\/pages"}],"about":[{"href":"https:\/\/vanderlindefietsen.nl\/de\/wp-json\/wp\/v2\/types\/page"}],"author":[{"embeddable":true,"href":"https:\/\/vanderlindefietsen.nl\/de\/wp-json\/wp\/v2\/users\/2"}],"replies":[{"embeddable":true,"href":"https:\/\/vanderlindefietsen.nl\/de\/wp-json\/wp\/v2\/comments?post=2417"}],"version-history":[{"count":0,"href":"https:\/\/vanderlindefietsen.nl\/de\/wp-json\/wp\/v2\/pages\/2417\/revisions"}],"wp:featuredmedia":[{"embeddable":true,"href":"https:\/\/vanderlindefietsen.nl\/de\/wp-json\/wp\/v2\/media\/2706"}],"wp:attachment":[{"href":"https:\/\/vanderlindefietsen.nl\/de\/wp-json\/wp\/v2\/media?parent=2417"}],"curies":[{"name":"wp","href":"https:\/\/api.w.org\/{rel}","templated":true}]}}