{"id":2419,"date":"2024-08-02T09:51:41","date_gmt":"2024-08-02T07:51:41","guid":{"rendered":"https:\/\/vanderlindefietsen.nl\/?page_id=2419"},"modified":"2026-04-02T16:06:09","modified_gmt":"2026-04-02T14:06:09","slug":"fahrradverleih","status":"publish","type":"page","link":"https:\/\/vanderlindefietsen.nl\/de\/fahrradverleih\/","title":{"rendered":"Fahrradverleih"},"content":{"rendered":"\t\t<div data-elementor-type=\"wp-page\" data-elementor-id=\"2419\" class=\"elementor elementor-2419\" data-elementor-post-type=\"page\">\n\t\t\t\t<div class=\"elementor-element elementor-element-6ca3488 e-flex e-con-boxed e-con e-parent\" data-id=\"6ca3488\" data-element_type=\"container\" data-e-type=\"container\" data-settings=\"{&quot;background_background&quot;:&quot;classic&quot;,&quot;jet_parallax_layout_list&quot;:[],&quot;background_motion_fx_motion_fx_scrolling&quot;:&quot;yes&quot;,&quot;background_motion_fx_scale_effect&quot;:&quot;yes&quot;,&quot;background_motion_fx_scale_speed&quot;:{&quot;unit&quot;:&quot;px&quot;,&quot;size&quot;:2,&quot;sizes&quot;:[]},&quot;background_motion_fx_scale_range&quot;:{&quot;unit&quot;:&quot;%&quot;,&quot;size&quot;:&quot;&quot;,&quot;sizes&quot;:{&quot;start&quot;:48,&quot;end&quot;:100}},&quot;background_motion_fx_devices&quot;:[&quot;desktop&quot;],&quot;background_motion_fx_scale_direction&quot;:&quot;out-in&quot;}\">\n\t\t\t\t\t<div class=\"e-con-inner\">\n\t\t<div class=\"elementor-element elementor-element-f8b7fde e-flex e-con-boxed e-con e-child\" data-id=\"f8b7fde\" data-element_type=\"container\" data-e-type=\"container\" data-settings=\"{&quot;jet_parallax_layout_list&quot;:[]}\">\n\t\t\t\t\t<div class=\"e-con-inner\">\n\t\t\t\t<div class=\"elementor-element elementor-element-547642d elementor-align-left elementor-absolute elementor-widget elementor-widget-breadcrumbs\" data-id=\"547642d\" data-element_type=\"widget\" data-e-type=\"widget\" data-settings=\"{&quot;_position&quot;:&quot;absolute&quot;}\" data-widget_type=\"breadcrumbs.default\">\n\t\t\t\t<div class=\"elementor-widget-container\">\n\t\t\t\t\t<p id=\"breadcrumbs\"><span><span><a href=\"https:\/\/vanderlindefietsen.nl\/\">Home<\/a><\/span><\/span><\/p>\t\t\t\t<\/div>\n\t\t\t\t<\/div>\n\t\t\t\t<div class=\"elementor-element elementor-element-bfbcb1e elementor-widget elementor-widget-heading\" data-id=\"bfbcb1e\" data-element_type=\"widget\" data-e-type=\"widget\" data-widget_type=\"heading.default\">\n\t\t\t\t<div class=\"elementor-widget-container\">\n\t\t\t\t\t<h2 class=\"elementor-heading-title elementor-size-default\">Fietsverhuur<\/h2>\t\t\t\t<\/div>\n\t\t\t\t<\/div>\n\t\t\t\t\t<\/div>\n\t\t\t\t<\/div>\n\t\t\t\t\t<\/div>\n\t\t\t\t<\/div>\n\t\t<div class=\"elementor-element elementor-element-077611a e-flex e-con-boxed e-con e-parent\" data-id=\"077611a\" data-element_type=\"container\" data-e-type=\"container\" data-settings=\"{&quot;jet_parallax_layout_list&quot;:[]}\">\n\t\t\t\t\t<div class=\"e-con-inner\">\n\t\t<div class=\"elementor-element elementor-element-ae0288f e-con-full e-flex e-con e-child\" data-id=\"ae0288f\" data-element_type=\"container\" data-e-type=\"container\" data-settings=\"{&quot;jet_parallax_layout_list&quot;:[]}\">\n\t\t\t\t<div class=\"elementor-element elementor-element-b9cafae elementor-widget elementor-widget-heading\" data-id=\"b9cafae\" data-element_type=\"widget\" data-e-type=\"widget\" data-widget_type=\"heading.default\">\n\t\t\t\t<div class=\"elementor-widget-container\">\n\t\t\t\t\t<h2 class=\"elementor-heading-title elementor-size-default\">Fietsverhuur op Texel: geniet actief van je vakantie<\/h2>\t\t\t\t<\/div>\n\t\t\t\t<\/div>\n\t\t\t\t<div class=\"elementor-element elementor-element-85b61cb elementor-widget elementor-widget-text-editor\" data-id=\"85b61cb\" data-element_type=\"widget\" data-e-type=\"widget\" data-widget_type=\"text-editor.default\">\n\t\t\t\t<div class=\"elementor-widget-container\">\n\t\t\t\t\t\t\t\t\t<p><strong>Verken het eiland op jouw manier met de diverse selectie huurfietsen van Fietsen op Texel!<\/strong><\/p>\t\t\t\t\t\t\t\t<\/div>\n\t\t\t\t<\/div>\n\t\t\t\t<div class=\"elementor-element elementor-element-412a38f elementor-widget elementor-widget-text-editor\" data-id=\"412a38f\" data-element_type=\"widget\" data-e-type=\"widget\" data-widget_type=\"text-editor.default\">\n\t\t\t\t<div class=\"elementor-widget-container\">\n\t\t\t\t\t\t\t\t\t<p>Fietsverhuur bij Fietsen op Texel biedt de kans om actief van je vakantie te genieten en tegelijkertijd de natuur van Texel te verkennen. Met 140 kilometer aan fietspaden brengen onze routes je naar plekken die met de auto niet bereikbaar zijn.<\/p><p>Als het grootste verhuurbedrijf op Texel, met <a href=\"https:\/\/vanderlindefietsen.nl\/contact\/\">25 depots<\/a> verspreid over het hele eiland, biedt Fietsen op Texel een uitgebreid assortiment fietsen en voertuigen. Denk aan E-bikes, tandems, kinderfietsen en scooters!<\/p>\t\t\t\t\t\t\t\t<\/div>\n\t\t\t\t<\/div>\n\t\t\t\t<\/div>\n\t\t\t\t\t<\/div>\n\t\t\t\t<\/div>\n\t\t<div class=\"elementor-element elementor-element-688db1e e-flex e-con-boxed e-con e-parent\" data-id=\"688db1e\" data-element_type=\"container\" data-e-type=\"container\" data-settings=\"{&quot;jet_parallax_layout_list&quot;:[],&quot;background_background&quot;:&quot;classic&quot;}\">\n\t\t\t\t\t<div class=\"e-con-inner\">\n\t\t<div class=\"elementor-element elementor-element-df792fe e-con-full e-flex e-con e-child\" data-id=\"df792fe\" data-element_type=\"container\" data-e-type=\"container\" data-settings=\"{&quot;jet_parallax_layout_list&quot;:[]}\">\n\t\t\t\t<div class=\"elementor-element elementor-element-7b7c23c elementor-widget elementor-widget-image\" data-id=\"7b7c23c\" data-element_type=\"widget\" data-e-type=\"widget\" data-settings=\"{&quot;sticky&quot;:&quot;top&quot;,&quot;sticky_on&quot;:[&quot;desktop&quot;,&quot;tablet&quot;],&quot;sticky_offset_tablet&quot;:40,&quot;sticky_parent&quot;:&quot;yes&quot;,&quot;sticky_offset&quot;:0,&quot;sticky_effects_offset&quot;:0,&quot;sticky_anchor_link_offset&quot;:0}\" data-widget_type=\"image.default\">\n\t\t\t\t<div class=\"elementor-widget-container\">\n\t\t\t\t\t\t\t\t\t\t\t\t\t\t\t<img loading=\"lazy\" width=\"800\" height=\"574\" src=\"https:\/\/vanderlindefietsen.nl\/wp-content\/uploads\/StefanKrofft_14-07-2025_VdL_FIetsverhuur_vrachtwagen_foto_03-2000x1436.avif\" class=\"attachment-large size-large wp-image-2824\" alt=\"Fietsroutes en fiets kopen op Texel\" srcset=\"https:\/\/vanderlindefietsen.nl\/wp-content\/uploads\/StefanKrofft_14-07-2025_VdL_FIetsverhuur_vrachtwagen_foto_03-2000x1436.avif 2000w, https:\/\/vanderlindefietsen.nl\/wp-content\/uploads\/StefanKrofft_14-07-2025_VdL_FIetsverhuur_vrachtwagen_foto_03-900x646.avif 900w, https:\/\/vanderlindefietsen.nl\/wp-content\/uploads\/StefanKrofft_14-07-2025_VdL_FIetsverhuur_vrachtwagen_foto_03-768x551.avif 768w, https:\/\/vanderlindefietsen.nl\/wp-content\/uploads\/StefanKrofft_14-07-2025_VdL_FIetsverhuur_vrachtwagen_foto_03-1536x1103.avif 1536w, https:\/\/vanderlindefietsen.nl\/wp-content\/uploads\/StefanKrofft_14-07-2025_VdL_FIetsverhuur_vrachtwagen_foto_03-2048x1470.avif 2048w, https:\/\/vanderlindefietsen.nl\/wp-content\/uploads\/StefanKrofft_14-07-2025_VdL_FIetsverhuur_vrachtwagen_foto_03-18x12.avif 18w, https:\/\/vanderlindefietsen.nl\/wp-content\/uploads\/StefanKrofft_14-07-2025_VdL_FIetsverhuur_vrachtwagen_foto_03-50x36.avif 50w, https:\/\/vanderlindefietsen.nl\/wp-content\/uploads\/StefanKrofft_14-07-2025_VdL_FIetsverhuur_vrachtwagen_foto_03-320x230.avif 320w, https:\/\/vanderlindefietsen.nl\/wp-content\/uploads\/StefanKrofft_14-07-2025_VdL_FIetsverhuur_vrachtwagen_foto_03-500x359.avif 500w, https:\/\/vanderlindefietsen.nl\/wp-content\/uploads\/StefanKrofft_14-07-2025_VdL_FIetsverhuur_vrachtwagen_foto_03-850x610.avif 850w, https:\/\/vanderlindefietsen.nl\/wp-content\/uploads\/StefanKrofft_14-07-2025_VdL_FIetsverhuur_vrachtwagen_foto_03-600x431.avif 600w\" sizes=\"auto, (max-width: 800px) 100vw, 800px\" \/>\t\t\t\t\t\t\t\t\t\t\t\t\t\t\t<\/div>\n\t\t\t\t<\/div>\n\t\t\t\t<\/div>\n\t\t<div class=\"elementor-element elementor-element-a0c84e4 e-con-full e-flex e-con e-child\" data-id=\"a0c84e4\" data-element_type=\"container\" data-e-type=\"container\" data-settings=\"{&quot;jet_parallax_layout_list&quot;:[]}\">\n\t\t\t\t<div class=\"elementor-element elementor-element-2a3687e elementor-widget elementor-widget-heading\" data-id=\"2a3687e\" data-element_type=\"widget\" data-e-type=\"widget\" data-widget_type=\"heading.default\">\n\t\t\t\t<div class=\"elementor-widget-container\">\n\t\t\t\t\t<h2 class=\"elementor-heading-title elementor-size-default\">Hoe werkt het?<\/h2>\t\t\t\t<\/div>\n\t\t\t\t<\/div>\n\t\t\t\t<div class=\"elementor-element elementor-element-12c2384 elementor-widget elementor-widget-text-editor\" data-id=\"12c2384\" data-element_type=\"widget\" data-e-type=\"widget\" data-widget_type=\"text-editor.default\">\n\t\t\t\t<div class=\"elementor-widget-container\">\n\t\t\t\t\t\t\t\t\t<p><strong><b>Stap 1: Reserveer<\/b><\/strong><\/p>\t\t\t\t\t\t\t\t<\/div>\n\t\t\t\t<\/div>\n\t\t\t\t<div class=\"elementor-element elementor-element-6737ab0 elementor-widget elementor-widget-text-editor\" data-id=\"6737ab0\" data-element_type=\"widget\" data-e-type=\"widget\" data-widget_type=\"text-editor.default\">\n\t\t\t\t<div class=\"elementor-widget-container\">\n\t\t\t\t\t\t\t\t\t<p>Maak eenvoudig online een reservering via <a href=\"http:\/\/www.fietsenoptexel.nl\">www.fietsenoptexel.nl<\/a>, kies je gewenste item, huurperiode en afhaallocatie.<\/p>\t\t\t\t\t\t\t\t<\/div>\n\t\t\t\t<\/div>\n\t\t\t\t<div class=\"elementor-element elementor-element-ea01995 elementor-widget elementor-widget-text-editor\" data-id=\"ea01995\" data-element_type=\"widget\" data-e-type=\"widget\" data-widget_type=\"text-editor.default\">\n\t\t\t\t<div class=\"elementor-widget-container\">\n\t\t\t\t\t\t\t\t\t<p><strong><b>Stap 2: Betaal<\/b><\/strong><\/p>\t\t\t\t\t\t\t\t<\/div>\n\t\t\t\t<\/div>\n\t\t\t\t<div class=\"elementor-element elementor-element-90d8b3e elementor-widget elementor-widget-text-editor\" data-id=\"90d8b3e\" data-element_type=\"widget\" data-e-type=\"widget\" data-widget_type=\"text-editor.default\">\n\t\t\t\t<div class=\"elementor-widget-container\">\n\t\t\t\t\t\t\t\t\t<p>Betaal je reservering vooraf en ontvang een bevestiging per e-mail.<\/p>\t\t\t\t\t\t\t\t<\/div>\n\t\t\t\t<\/div>\n\t\t\t\t<div class=\"elementor-element elementor-element-0de72d6 elementor-widget elementor-widget-text-editor\" data-id=\"0de72d6\" data-element_type=\"widget\" data-e-type=\"widget\" data-widget_type=\"text-editor.default\">\n\t\t\t\t<div class=\"elementor-widget-container\">\n\t\t\t\t\t\t\t\t\t<p><strong><b>Stap 3: Ophalen<\/b><\/strong><\/p>\t\t\t\t\t\t\t\t<\/div>\n\t\t\t\t<\/div>\n\t\t\t\t<div class=\"elementor-element elementor-element-d3d31ad elementor-widget elementor-widget-text-editor\" data-id=\"d3d31ad\" data-element_type=\"widget\" data-e-type=\"widget\" data-widget_type=\"text-editor.default\">\n\t\t\t\t<div class=\"elementor-widget-container\">\n\t\t\t\t\t\t\t\t\t<p>Op de gereserveerde dag haal je de fietsen op bij de door jouw gekozen afhaallocatie, of laat ze bij de accommodatie bezorgen.<\/p>\t\t\t\t\t\t\t\t<\/div>\n\t\t\t\t<\/div>\n\t\t\t\t<div class=\"elementor-element elementor-element-1bd999a elementor-widget elementor-widget-text-editor\" data-id=\"1bd999a\" data-element_type=\"widget\" data-e-type=\"widget\" data-widget_type=\"text-editor.default\">\n\t\t\t\t<div class=\"elementor-widget-container\">\n\t\t\t\t\t\t\t\t\t<p><strong><b>Stap 4: Geniet<\/b><\/strong><\/p>\t\t\t\t\t\t\t\t<\/div>\n\t\t\t\t<\/div>\n\t\t\t\t<div class=\"elementor-element elementor-element-a221809 elementor-widget elementor-widget-text-editor\" data-id=\"a221809\" data-element_type=\"widget\" data-e-type=\"widget\" data-widget_type=\"text-editor.default\">\n\t\t\t\t<div class=\"elementor-widget-container\">\n\t\t\t\t\t\t\t\t\t<p>Verken het eiland op je eigen tempo en laad je elektrische fiets gratis op bij een van onze vele oplaadpunten op Texel.<\/p>\t\t\t\t\t\t\t\t<\/div>\n\t\t\t\t<\/div>\n\t\t\t\t<div class=\"elementor-element elementor-element-c3621a1 elementor-widget elementor-widget-text-editor\" data-id=\"c3621a1\" data-element_type=\"widget\" data-e-type=\"widget\" data-widget_type=\"text-editor.default\">\n\t\t\t\t<div class=\"elementor-widget-container\">\n\t\t\t\t\t\t\t\t\t<p><strong><b>Stap 5: Terugbrengen<\/b><\/strong><\/p>\t\t\t\t\t\t\t\t<\/div>\n\t\t\t\t<\/div>\n\t\t\t\t<div class=\"elementor-element elementor-element-18b0d89 elementor-widget elementor-widget-text-editor\" data-id=\"18b0d89\" data-element_type=\"widget\" data-e-type=\"widget\" data-widget_type=\"text-editor.default\">\n\t\t\t\t<div class=\"elementor-widget-container\">\n\t\t\t\t\t\t\t\t\t<p>Breng de fietsen terug naar dezelfde afhaallocatie of laat ze ophalen op dezelfde locatie waar ze zijn afgeleverd.<\/p><p>Klaar voor jouw Texelse avontuur op twee wielen?<\/p>\t\t\t\t\t\t\t\t<\/div>\n\t\t\t\t<\/div>\n\t\t\t\t<div class=\"elementor-element elementor-element-0897ea8 elementor-mobile-align-justify elementor-widget-mobile__width-inherit elementor-widget elementor-widget-button\" data-id=\"0897ea8\" data-element_type=\"widget\" data-e-type=\"widget\" data-widget_type=\"button.default\">\n\t\t\t\t<div class=\"elementor-widget-container\">\n\t\t\t\t\t\t\t\t\t<div class=\"elementor-button-wrapper\">\n\t\t\t\t\t<a class=\"elementor-button elementor-button-link elementor-size-sm\" href=\"https:\/\/fietsenoptexel.nl\">\n\t\t\t\t\t\t<span class=\"elementor-button-content-wrapper\">\n\t\t\t\t\t\t\t\t\t<span class=\"elementor-button-text\">Fietsen op Texel<\/span>\n\t\t\t\t\t<\/span>\n\t\t\t\t\t<\/a>\n\t\t\t\t<\/div>\n\t\t\t\t\t\t\t\t<\/div>\n\t\t\t\t<\/div>\n\t\t\t\t<div class=\"elementor-element elementor-element-17e29a2 elementor-absolute elementor-widget elementor-widget-image\" data-id=\"17e29a2\" data-element_type=\"widget\" data-e-type=\"widget\" data-settings=\"{&quot;_position&quot;:&quot;absolute&quot;}\" data-widget_type=\"image.default\">\n\t\t\t\t<div class=\"elementor-widget-container\">\n\t\t\t\t\t\t\t\t\t\t\t\t\t\t\t<img loading=\"lazy\" width=\"474\" height=\"99\" src=\"https:\/\/vanderlindefietsen.nl\/wp-content\/uploads\/logo-fietsen_op_texel.svg\" class=\"attachment-large size-large wp-image-1691\" alt=\"Fietsen op Texel logo\" \/>\t\t\t\t\t\t\t\t\t\t\t\t\t\t\t<\/div>\n\t\t\t\t<\/div>\n\t\t\t\t<\/div>\n\t\t\t\t\t<\/div>\n\t\t\t\t<\/div>\n\t\t\t\t<\/div>\n\t\t","protected":false},"excerpt":{"rendered":"<p>Fietsverhuur op Texel: geniet actief van je vakantie Verken het eiland op jouw manier met de diverse selectie huurfietsen van Fietsen op Texel! Fietsverhuur bij Fietsen op Texel biedt de kans om actief van je vakantie te genieten en tegelijkertijd de natuur van Texel te verkennen. Met 140 kilometer aan fietspaden brengen onze routes je [&hellip;]<\/p>\n","protected":false},"author":2,"featured_media":2612,"parent":0,"menu_order":6,"comment_status":"closed","ping_status":"closed","template":"","meta":{"footnotes":""},"class_list":["post-2419","page","type-page","status-publish","has-post-thumbnail","hentry"],"yoast_head":"<!-- This site is optimized with the Yoast SEO plugin v27.3 - https:\/\/yoast.com\/product\/yoast-seo-wordpress\/ -->\n<title>Fietsverhuur - Van der Linde Fietsen Texel<\/title>\n<meta name=\"description\" content=\"Als grootste fietsverhuur bedrijf op het eiland bieden wij een breed assortiment aan. Ontdek 140 kilometer aan fietspaden en geniet van Texel!\" \/>\n<meta name=\"robots\" content=\"index, follow, max-snippet:-1, max-image-preview:large, max-video-preview:-1\" \/>\n<link rel=\"canonical\" href=\"https:\/\/vanderlindefietsen.nl\/de\/fahrradverleih\/\" \/>\n<meta property=\"og:locale\" content=\"de_DE\" \/>\n<meta property=\"og:type\" content=\"article\" \/>\n<meta property=\"og:title\" content=\"Fietsverhuur - Van der Linde Fietsen Texel\" \/>\n<meta property=\"og:description\" content=\"Als grootste fietsverhuur bedrijf op het eiland bieden wij een breed assortiment aan. Ontdek 140 kilometer aan fietspaden en geniet van Texel!\" \/>\n<meta property=\"og:url\" content=\"https:\/\/vanderlindefietsen.nl\/de\/fahrradverleih\/\" \/>\n<meta property=\"og:site_name\" content=\"Van der Linde Fietsen Texel\" \/>\n<meta property=\"article:publisher\" content=\"https:\/\/www.facebook.com\/fietsoptexel\/\" \/>\n<meta property=\"article:modified_time\" content=\"2026-04-02T14:06:09+00:00\" \/>\n<meta property=\"og:image\" content=\"https:\/\/vanderlindefietsen.nl\/wp-content\/uploads\/4096-2731-max-1-scaled.webp\" \/>\n\t<meta property=\"og:image:width\" content=\"2560\" \/>\n\t<meta property=\"og:image:height\" content=\"1707\" \/>\n\t<meta property=\"og:image:type\" content=\"image\/jpeg\" \/>\n<meta name=\"twitter:card\" content=\"summary_large_image\" \/>\n<meta name=\"twitter:label1\" content=\"Gesch\u00e4tzte Lesezeit\" \/>\n\t<meta name=\"twitter:data1\" content=\"2\u00a0Minuten\" \/>\n<script type=\"application\/ld+json\" class=\"yoast-schema-graph\">{\"@context\":\"https:\\\/\\\/schema.org\",\"@graph\":[{\"@type\":\"WebPage\",\"@id\":\"https:\\\/\\\/vanderlindefietsen.nl\\\/fietsverhuur\\\/\",\"url\":\"https:\\\/\\\/vanderlindefietsen.nl\\\/fietsverhuur\\\/\",\"name\":\"Fietsverhuur - Van der Linde Fietsen Texel\",\"isPartOf\":{\"@id\":\"https:\\\/\\\/vanderlindefietsen.nl\\\/#website\"},\"primaryImageOfPage\":{\"@id\":\"https:\\\/\\\/vanderlindefietsen.nl\\\/fietsverhuur\\\/#primaryimage\"},\"image\":{\"@id\":\"https:\\\/\\\/vanderlindefietsen.nl\\\/fietsverhuur\\\/#primaryimage\"},\"thumbnailUrl\":\"https:\\\/\\\/vanderlindefietsen.nl\\\/wp-content\\\/uploads\\\/4096-2731-max-1-scaled.webp\",\"datePublished\":\"2024-08-02T07:51:41+00:00\",\"dateModified\":\"2026-04-02T14:06:09+00:00\",\"description\":\"Als grootste fietsverhuur bedrijf op het eiland bieden wij een breed assortiment aan. Ontdek 140 kilometer aan fietspaden en geniet van Texel!\",\"breadcrumb\":{\"@id\":\"https:\\\/\\\/vanderlindefietsen.nl\\\/fietsverhuur\\\/#breadcrumb\"},\"inLanguage\":\"de\",\"potentialAction\":[{\"@type\":\"ReadAction\",\"target\":[\"https:\\\/\\\/vanderlindefietsen.nl\\\/fietsverhuur\\\/\"]}]},{\"@type\":\"ImageObject\",\"inLanguage\":\"de\",\"@id\":\"https:\\\/\\\/vanderlindefietsen.nl\\\/fietsverhuur\\\/#primaryimage\",\"url\":\"https:\\\/\\\/vanderlindefietsen.nl\\\/wp-content\\\/uploads\\\/4096-2731-max-1-scaled.webp\",\"contentUrl\":\"https:\\\/\\\/vanderlindefietsen.nl\\\/wp-content\\\/uploads\\\/4096-2731-max-1-scaled.webp\",\"width\":2560,\"height\":1707,\"caption\":\"Fietsverhuur\"},{\"@type\":\"BreadcrumbList\",\"@id\":\"https:\\\/\\\/vanderlindefietsen.nl\\\/fietsverhuur\\\/#breadcrumb\",\"itemListElement\":[{\"@type\":\"ListItem\",\"position\":1,\"name\":\"Home\",\"item\":\"https:\\\/\\\/vanderlindefietsen.nl\\\/\"},{\"@type\":\"ListItem\",\"position\":2,\"name\":\"Fietsverhuur\"}]},{\"@type\":\"WebSite\",\"@id\":\"https:\\\/\\\/vanderlindefietsen.nl\\\/#website\",\"url\":\"https:\\\/\\\/vanderlindefietsen.nl\\\/\",\"name\":\"Fietsen op Texel\",\"description\":\"Fietsverhuur locaties De Koog, De Cocksdorp en Den Burg\",\"publisher\":{\"@id\":\"https:\\\/\\\/vanderlindefietsen.nl\\\/#organization\"},\"potentialAction\":[{\"@type\":\"SearchAction\",\"target\":{\"@type\":\"EntryPoint\",\"urlTemplate\":\"https:\\\/\\\/vanderlindefietsen.nl\\\/?s={search_term_string}\"},\"query-input\":{\"@type\":\"PropertyValueSpecification\",\"valueRequired\":true,\"valueName\":\"search_term_string\"}}],\"inLanguage\":\"de\"},{\"@type\":\"Organization\",\"@id\":\"https:\\\/\\\/vanderlindefietsen.nl\\\/#organization\",\"name\":\"Fietsen op Texel\",\"url\":\"https:\\\/\\\/vanderlindefietsen.nl\\\/\",\"logo\":{\"@type\":\"ImageObject\",\"inLanguage\":\"de\",\"@id\":\"https:\\\/\\\/vanderlindefietsen.nl\\\/#\\\/schema\\\/logo\\\/image\\\/\",\"url\":\"https:\\\/\\\/vanderlindefietsen.nl\\\/wp-content\\\/uploads\\\/logo-fietsenoptexel.png\",\"contentUrl\":\"https:\\\/\\\/vanderlindefietsen.nl\\\/wp-content\\\/uploads\\\/logo-fietsenoptexel.png\",\"width\":3475,\"height\":769,\"caption\":\"Fietsen op Texel\"},\"image\":{\"@id\":\"https:\\\/\\\/vanderlindefietsen.nl\\\/#\\\/schema\\\/logo\\\/image\\\/\"},\"sameAs\":[\"https:\\\/\\\/www.facebook.com\\\/fietsoptexel\\\/\",\"https:\\\/\\\/www.instagram.com\\\/fietsenoptexel\\\/\"]}]}<\/script>\n<!-- \/ Yoast SEO plugin. -->","yoast_head_json":{"title":"Fahrradverleih - Van der Linde Fietsen Texel","description":"Als gr\u00f6\u00dfter Fahrradverleih der Insel bieten wir ein breites Sortiment. Entdecken Sie 140 Kilometer Radwege und genie\u00dfen Sie Texel!","robots":{"index":"index","follow":"follow","max-snippet":"max-snippet:-1","max-image-preview":"max-image-preview:large","max-video-preview":"max-video-preview:-1"},"canonical":"https:\/\/vanderlindefietsen.nl\/de\/fahrradverleih\/","og_locale":"de_DE","og_type":"article","og_title":"Fietsverhuur - Van der Linde Fietsen Texel","og_description":"Als grootste fietsverhuur bedrijf op het eiland bieden wij een breed assortiment aan. Ontdek 140 kilometer aan fietspaden en geniet van Texel!","og_url":"https:\/\/vanderlindefietsen.nl\/de\/fahrradverleih\/","og_site_name":"Van der Linde Fietsen Texel","article_publisher":"https:\/\/www.facebook.com\/fietsoptexel\/","article_modified_time":"2026-04-02T14:06:09+00:00","og_image":[{"width":2560,"height":1707,"url":"https:\/\/vanderlindefietsen.nl\/wp-content\/uploads\/4096-2731-max-1-scaled.webp","type":"image\/jpeg"}],"twitter_card":"summary_large_image","twitter_misc":{"Gesch\u00e4tzte Lesezeit":"2\u00a0Minuten"},"schema":{"@context":"https:\/\/schema.org","@graph":[{"@type":"WebPage","@id":"https:\/\/vanderlindefietsen.nl\/fietsverhuur\/","url":"https:\/\/vanderlindefietsen.nl\/fietsverhuur\/","name":"Fahrradverleih - Van der Linde Fietsen Texel","isPartOf":{"@id":"https:\/\/vanderlindefietsen.nl\/#website"},"primaryImageOfPage":{"@id":"https:\/\/vanderlindefietsen.nl\/fietsverhuur\/#primaryimage"},"image":{"@id":"https:\/\/vanderlindefietsen.nl\/fietsverhuur\/#primaryimage"},"thumbnailUrl":"https:\/\/vanderlindefietsen.nl\/wp-content\/uploads\/4096-2731-max-1-scaled.webp","datePublished":"2024-08-02T07:51:41+00:00","dateModified":"2026-04-02T14:06:09+00:00","description":"Als gr\u00f6\u00dfter Fahrradverleih der Insel bieten wir ein breites Sortiment. Entdecken Sie 140 Kilometer Radwege und genie\u00dfen Sie Texel!","breadcrumb":{"@id":"https:\/\/vanderlindefietsen.nl\/fietsverhuur\/#breadcrumb"},"inLanguage":"de","potentialAction":[{"@type":"ReadAction","target":["https:\/\/vanderlindefietsen.nl\/fietsverhuur\/"]}]},{"@type":"ImageObject","inLanguage":"de","@id":"https:\/\/vanderlindefietsen.nl\/fietsverhuur\/#primaryimage","url":"https:\/\/vanderlindefietsen.nl\/wp-content\/uploads\/4096-2731-max-1-scaled.webp","contentUrl":"https:\/\/vanderlindefietsen.nl\/wp-content\/uploads\/4096-2731-max-1-scaled.webp","width":2560,"height":1707,"caption":"Fietsverhuur"},{"@type":"BreadcrumbList","@id":"https:\/\/vanderlindefietsen.nl\/fietsverhuur\/#breadcrumb","itemListElement":[{"@type":"ListItem","position":1,"name":"Home","item":"https:\/\/vanderlindefietsen.nl\/"},{"@type":"ListItem","position":2,"name":"Fietsverhuur"}]},{"@type":"WebSite","@id":"https:\/\/vanderlindefietsen.nl\/#website","url":"https:\/\/vanderlindefietsen.nl\/","name":"Radfahren auf Texel","description":"Fahrradverleihstandorte De Koog, De Cocksdorp und Den Burg","publisher":{"@id":"https:\/\/vanderlindefietsen.nl\/#organization"},"potentialAction":[{"@type":"SearchAction","target":{"@type":"EntryPoint","urlTemplate":"https:\/\/vanderlindefietsen.nl\/?s={search_term_string}"},"query-input":{"@type":"PropertyValueSpecification","valueRequired":true,"valueName":"search_term_string"}}],"inLanguage":"de"},{"@type":"Organization","@id":"https:\/\/vanderlindefietsen.nl\/#organization","name":"Radfahren auf Texel","url":"https:\/\/vanderlindefietsen.nl\/","logo":{"@type":"ImageObject","inLanguage":"de","@id":"https:\/\/vanderlindefietsen.nl\/#\/schema\/logo\/image\/","url":"https:\/\/vanderlindefietsen.nl\/wp-content\/uploads\/logo-fietsenoptexel.png","contentUrl":"https:\/\/vanderlindefietsen.nl\/wp-content\/uploads\/logo-fietsenoptexel.png","width":3475,"height":769,"caption":"Fietsen op Texel"},"image":{"@id":"https:\/\/vanderlindefietsen.nl\/#\/schema\/logo\/image\/"},"sameAs":["https:\/\/www.facebook.com\/fietsoptexel\/","https:\/\/www.instagram.com\/fietsenoptexel\/"]}]}},"_links":{"self":[{"href":"https:\/\/vanderlindefietsen.nl\/de\/wp-json\/wp\/v2\/pages\/2419","targetHints":{"allow":["GET"]}}],"collection":[{"href":"https:\/\/vanderlindefietsen.nl\/de\/wp-json\/wp\/v2\/pages"}],"about":[{"href":"https:\/\/vanderlindefietsen.nl\/de\/wp-json\/wp\/v2\/types\/page"}],"author":[{"embeddable":true,"href":"https:\/\/vanderlindefietsen.nl\/de\/wp-json\/wp\/v2\/users\/2"}],"replies":[{"embeddable":true,"href":"https:\/\/vanderlindefietsen.nl\/de\/wp-json\/wp\/v2\/comments?post=2419"}],"version-history":[{"count":3,"href":"https:\/\/vanderlindefietsen.nl\/de\/wp-json\/wp\/v2\/pages\/2419\/revisions"}],"predecessor-version":[{"id":2836,"href":"https:\/\/vanderlindefietsen.nl\/de\/wp-json\/wp\/v2\/pages\/2419\/revisions\/2836"}],"wp:featuredmedia":[{"embeddable":true,"href":"https:\/\/vanderlindefietsen.nl\/de\/wp-json\/wp\/v2\/media\/2612"}],"wp:attachment":[{"href":"https:\/\/vanderlindefietsen.nl\/de\/wp-json\/wp\/v2\/media?parent=2419"}],"curies":[{"name":"wp","href":"https:\/\/api.w.org\/{rel}","templated":true}]}}